{"id":1949,"date":"2024-10-16T10:07:17","date_gmt":"2024-10-16T09:07:17","guid":{"rendered":"https:\/\/selfstorage.team\/legal-notice\/"},"modified":"2025-03-21T14:44:51","modified_gmt":"2025-03-21T13:44:51","slug":"legal-notice","status":"publish","type":"page","link":"https:\/\/selfstorage.team\/en\/legal-notice\/","title":{"rendered":"Legal Notice"},"content":{"rendered":"\t\t<div data-elementor-type=\"wp-page\" data-elementor-id=\"1949\" class=\"elementor elementor-1949 elementor-23\" data-elementor-post-type=\"page\">\n\t\t\t\t<div class=\"elementor-element elementor-element-38703ad e-flex e-con-boxed e-con e-parent\" data-id=\"38703ad\" data-element_type=\"container\" data-e-type=\"container\" data-settings=\"{&quot;_ha_eqh_enable&quot;:false}\">\n\t\t\t\t\t<div class=\"e-con-inner\">\n\t\t\t\t<div class=\"elementor-element elementor-element-f29cf7d elementor-widget elementor-widget-heading\" data-id=\"f29cf7d\" data-element_type=\"widget\" data-e-type=\"widget\" data-widget_type=\"heading.default\">\n\t\t\t\t<div class=\"elementor-widget-container\">\n\t\t\t\t\t<h1 class=\"elementor-heading-title elementor-size-default\">Legal Notice<\/h1>\t\t\t\t<\/div>\n\t\t\t\t<\/div>\n\t\t\t\t<div class=\"elementor-element elementor-element-53ce067 elementor-widget elementor-widget-table-of-contents\" data-id=\"53ce067\" data-element_type=\"widget\" data-e-type=\"widget\" data-settings=\"{&quot;exclude_headings_by_selector&quot;:[],&quot;marker_view&quot;:&quot;bullets&quot;,&quot;icon&quot;:{&quot;value&quot;:&quot;&quot;,&quot;library&quot;:&quot;&quot;},&quot;no_headings_message&quot;:&quot;No headings were found on this page.&quot;,&quot;headings_by_tags&quot;:[&quot;h2&quot;,&quot;h3&quot;,&quot;h4&quot;],&quot;hierarchical_view&quot;:&quot;yes&quot;,&quot;min_height&quot;:{&quot;unit&quot;:&quot;px&quot;,&quot;size&quot;:&quot;&quot;,&quot;sizes&quot;:[]},&quot;min_height_tablet&quot;:{&quot;unit&quot;:&quot;px&quot;,&quot;size&quot;:&quot;&quot;,&quot;sizes&quot;:[]},&quot;min_height_mobile&quot;:{&quot;unit&quot;:&quot;px&quot;,&quot;size&quot;:&quot;&quot;,&quot;sizes&quot;:[]}}\" data-widget_type=\"table-of-contents.default\">\n\t\t\t\t<div class=\"elementor-widget-container\">\n\t\t\t\t\t\t\t\t\t<div class=\"elementor-toc__header\">\n\t\t\t\t\t\t<h2 class=\"elementor-toc__header-title\">\n\t\t\t\tTable of Contents\t\t\t<\/h2>\n\t\t\t\t\t\t\t\t<\/div>\n\t\t\t\t<div id=\"elementor-toc__53ce067\" class=\"elementor-toc__body\">\n\t\t\t<div class=\"elementor-toc__spinner-container\">\n\t\t\t\t<svg class=\"elementor-toc__spinner eicon-animation-spin e-font-icon-svg e-eicon-loading\" aria-hidden=\"true\" viewBox=\"0 0 1000 1000\" xmlns=\"http:\/\/www.w3.org\/2000\/svg\"><path d=\"M500 975V858C696 858 858 696 858 500S696 142 500 142 142 304 142 500H25C25 237 238 25 500 25S975 237 975 500 763 975 500 975Z\"><\/path><\/svg>\t\t\t<\/div>\n\t\t<\/div>\n\t\t\t\t\t\t<\/div>\n\t\t\t\t<\/div>\n\t\t\t\t<div class=\"elementor-element elementor-element-0664e1b elementor-widget elementor-widget-heading\" data-id=\"0664e1b\" data-element_type=\"widget\" data-e-type=\"widget\" data-widget_type=\"heading.default\">\n\t\t\t\t<div class=\"elementor-widget-container\">\n\t\t\t\t\t<h2 class=\"elementor-heading-title elementor-size-default\">Information in accordance with \u00a7 5 TMG<\/h2>\t\t\t\t<\/div>\n\t\t\t\t<\/div>\n\t\t\t\t<div class=\"elementor-element elementor-element-20e7402 elementor-widget elementor-widget-text-editor\" data-id=\"20e7402\" data-element_type=\"widget\" data-e-type=\"widget\" data-widget_type=\"text-editor.default\">\n\t\t\t\t<div class=\"elementor-widget-container\">\n\t\t\t\t\t\t\t\t\t<p>selfstorage.team<br>Schlo\u00dfstra\u00dfe 7<br>21465 Reinbek<\/p>\t\t\t\t\t\t\t\t<\/div>\n\t\t\t\t<\/div>\n\t\t\t\t<div class=\"elementor-element elementor-element-1b6bcb9 elementor-widget elementor-widget-heading\" data-id=\"1b6bcb9\" data-element_type=\"widget\" data-e-type=\"widget\" data-widget_type=\"heading.default\">\n\t\t\t\t<div class=\"elementor-widget-container\">\n\t\t\t\t\t<h3 class=\"elementor-heading-title elementor-size-default\">Represented by<\/h3>\t\t\t\t<\/div>\n\t\t\t\t<\/div>\n\t\t\t\t<div class=\"elementor-element elementor-element-bad0f3e elementor-widget elementor-widget-text-editor\" data-id=\"bad0f3e\" data-element_type=\"widget\" data-e-type=\"widget\" data-widget_type=\"text-editor.default\">\n\t\t\t\t<div class=\"elementor-widget-container\">\n\t\t\t\t\t\t\t\t\t<p>selfstorage.team, represented by Managing Director Max Grauert.<\/p>\t\t\t\t\t\t\t\t<\/div>\n\t\t\t\t<\/div>\n\t\t\t\t<div class=\"elementor-element elementor-element-51f2c8d elementor-widget elementor-widget-heading\" data-id=\"51f2c8d\" data-element_type=\"widget\" data-e-type=\"widget\" data-widget_type=\"heading.default\">\n\t\t\t\t<div class=\"elementor-widget-container\">\n\t\t\t\t\t<h4 class=\"elementor-heading-title elementor-size-default\">Contact<\/h4>\t\t\t\t<\/div>\n\t\t\t\t<\/div>\n\t\t\t\t<div class=\"elementor-element elementor-element-6bba9e0 elementor-widget elementor-widget-text-editor\" data-id=\"6bba9e0\" data-element_type=\"widget\" data-e-type=\"widget\" data-widget_type=\"text-editor.default\">\n\t\t\t\t<div class=\"elementor-widget-container\">\n\t\t\t\t\t\t\t\t\t<p>Telephone: 0800-7241534<br>E-Mail: info@selfstorage.team<\/p>\t\t\t\t\t\t\t\t<\/div>\n\t\t\t\t<\/div>\n\t\t\t\t<div class=\"elementor-element elementor-element-888e53a elementor-widget elementor-widget-heading\" data-id=\"888e53a\" data-element_type=\"widget\" data-e-type=\"widget\" data-widget_type=\"heading.default\">\n\t\t\t\t<div class=\"elementor-widget-container\">\n\t\t\t\t\t<h4 class=\"elementor-heading-title elementor-size-default\">Commercial register entry<\/h4>\t\t\t\t<\/div>\n\t\t\t\t<\/div>\n\t\t\t\t<div class=\"elementor-element elementor-element-907398a elementor-widget elementor-widget-text-editor\" data-id=\"907398a\" data-element_type=\"widget\" data-e-type=\"widget\" data-widget_type=\"text-editor.default\">\n\t\t\t\t<div class=\"elementor-widget-container\">\n\t\t\t\t\t\t\t\t\t<p>Court of registration: L\u00fcbeck <br>Registration number: 10968<\/p><p>Lagerraum-Nord.de is a service from Max Grauert GmbH, Schlo\u00dfstra\u00dfe 7, 21465 Reinbek<\/p>\t\t\t\t\t\t\t\t<\/div>\n\t\t\t\t<\/div>\n\t\t\t\t<div class=\"elementor-element elementor-element-f9314bd elementor-widget elementor-widget-heading\" data-id=\"f9314bd\" data-element_type=\"widget\" data-e-type=\"widget\" data-widget_type=\"heading.default\">\n\t\t\t\t<div class=\"elementor-widget-container\">\n\t\t\t\t\t<h4 class=\"elementor-heading-title elementor-size-default\">Value Added Tax (VAT)<\/h4>\t\t\t\t<\/div>\n\t\t\t\t<\/div>\n\t\t\t\t<div class=\"elementor-element elementor-element-759f848 elementor-widget elementor-widget-text-editor\" data-id=\"759f848\" data-element_type=\"widget\" data-e-type=\"widget\" data-widget_type=\"text-editor.default\">\n\t\t\t\t<div class=\"elementor-widget-container\">\n\t\t\t\t\t\t\t\t\t<p>VAT identification number in accordance with \u00a727 a Umsatzsteuergesetz (German VAT Act) DE248201548<\/p>\t\t\t\t\t\t\t\t<\/div>\n\t\t\t\t<\/div>\n\t\t\t\t<div class=\"elementor-element elementor-element-d43b987 elementor-widget elementor-widget-heading\" data-id=\"d43b987\" data-element_type=\"widget\" data-e-type=\"widget\" data-widget_type=\"heading.default\">\n\t\t\t\t<div class=\"elementor-widget-container\">\n\t\t\t\t\t<h3 class=\"elementor-heading-title elementor-size-default\">Arbitration<\/h3>\t\t\t\t<\/div>\n\t\t\t\t<\/div>\n\t\t\t\t<div class=\"elementor-element elementor-element-ada7f26 elementor-widget elementor-widget-text-editor\" data-id=\"ada7f26\" data-element_type=\"widget\" data-e-type=\"widget\" data-widget_type=\"text-editor.default\">\n\t\t\t\t<div class=\"elementor-widget-container\">\n\t\t\t\t\t\t\t\t\t<p>The European Commission provides a platform for online dispute resolution (ODR):<strong><a style=\"color: #000;\" href=\"https:\/\/ec.europa.eu\/consumers\/odr\" target=\"_blank\" rel=\"noopener\"> https:\/\/ec.europa.eu\/consumers\/odr.<br><\/a><\/strong>Our email address can be found above in Legal Notice<\/p><p>We are not willing or obliged to participate in dispute resolution proceedings before a consumer arbitration board.<\/p>\t\t\t\t\t\t\t\t<\/div>\n\t\t\t\t<\/div>\n\t\t\t\t<div class=\"elementor-element elementor-element-f978185 elementor-widget elementor-widget-heading\" data-id=\"f978185\" data-element_type=\"widget\" data-e-type=\"widget\" data-widget_type=\"heading.default\">\n\t\t\t\t<div class=\"elementor-widget-container\">\n\t\t\t\t\t<h3 class=\"elementor-heading-title elementor-size-default\">Liability for content<\/h3>\t\t\t\t<\/div>\n\t\t\t\t<\/div>\n\t\t\t\t<div class=\"elementor-element elementor-element-38a83ec elementor-widget elementor-widget-text-editor\" data-id=\"38a83ec\" data-element_type=\"widget\" data-e-type=\"widget\" data-widget_type=\"text-editor.default\">\n\t\t\t\t<div class=\"elementor-widget-container\">\n\t\t\t\t\t\t\t\t\t<p>As a service provider, we are responsible for our own content on these pages in accordance with \u00a7 7 (1) TMG (German Telemedia Act) and general laws. However, according to \u00a7\u00a7 8 to 10 TMG, as a service provider, we are not obliged to monitor transmitted or stored third-party information or to investigate circumstances that indicate illegal activity.  <\/p><p>Obligations to remove or block the use of information in accordance with the general laws remain unaffected by this. However, liability in this respect is only possible from the time of knowledge of a specific legal violation. As soon as we become aware of such violations, we will immediately remove the content.  <\/p>\t\t\t\t\t\t\t\t<\/div>\n\t\t\t\t<\/div>\n\t\t\t\t<div class=\"elementor-element elementor-element-dbb524b elementor-widget elementor-widget-heading\" data-id=\"dbb524b\" data-element_type=\"widget\" data-e-type=\"widget\" data-widget_type=\"heading.default\">\n\t\t\t\t<div class=\"elementor-widget-container\">\n\t\t\t\t\t<h3 class=\"elementor-heading-title elementor-size-default\">Liability for links<\/h3>\t\t\t\t<\/div>\n\t\t\t\t<\/div>\n\t\t\t\t<div class=\"elementor-element elementor-element-82e5a38 elementor-widget elementor-widget-text-editor\" data-id=\"82e5a38\" data-element_type=\"widget\" data-e-type=\"widget\" data-widget_type=\"text-editor.default\">\n\t\t\t\t<div class=\"elementor-widget-container\">\n\t\t\t\t\t\t\t\t\t<p>Our website contains links to external third-party websites over whose content we have no influence. Therefore we cannot accept liability for this third-party content either. The respective provider or operator of the pages is always responsible for the content of the linked pages. The linked pages were checked for possible legal violations at the time of linking. No illegal contents were identified at the time of linking.    <\/p><p>However, permanent monitoring of the content of the linked pages is unreasonable without concrete evidence of an infringement. If we become aware of any legal infringements, we will remove such links immediately. <\/p>\t\t\t\t\t\t\t\t<\/div>\n\t\t\t\t<\/div>\n\t\t\t\t<div class=\"elementor-element elementor-element-e63fc37 elementor-widget elementor-widget-heading\" data-id=\"e63fc37\" data-element_type=\"widget\" data-e-type=\"widget\" data-widget_type=\"heading.default\">\n\t\t\t\t<div class=\"elementor-widget-container\">\n\t\t\t\t\t<h3 class=\"elementor-heading-title elementor-size-default\">Copyright<\/h3>\t\t\t\t<\/div>\n\t\t\t\t<\/div>\n\t\t\t\t<div class=\"elementor-element elementor-element-5badee2 elementor-widget elementor-widget-text-editor\" data-id=\"5badee2\" data-element_type=\"widget\" data-e-type=\"widget\" data-widget_type=\"text-editor.default\">\n\t\t\t\t<div class=\"elementor-widget-container\">\n\t\t\t\t\t\t\t\t\t<p>The content and works created by the site operators on these pages are subject to German copyright law. Duplication, processing, distribution and any form of commercialisation of such material beyond the scope of the copyright law shall require the prior written consent of its respective author or creator. Downloads and copies of this site are only permitted for private, non-commercial use.  <\/p><p>Insofar as the content on this site was not created by the operator, the copyrights of third parties are respected. In particular, third-party content is identified as such. Should you nevertheless become aware of a copyright infringement, please inform us accordingly. If we become aware of any infringements, we will remove such content immediately   <\/p>\t\t\t\t\t\t\t\t<\/div>\n\t\t\t\t<\/div>\n\t\t\t\t\t<\/div>\n\t\t\t\t<\/div>\n\t\t\t\t<\/div>\n\t\t","protected":false},"excerpt":{"rendered":"<p>Legal Notice Table of Contents Information in accordance with \u00a7 5 TMG selfstorage.teamSchlo\u00dfstra\u00dfe 721465 Reinbek Represented by selfstorage.team, represented by Managing Director Max Grauert. Contact Telephone: 0800-7241534E-Mail: info@selfstorage.team Commercial register entry Court of registration: L\u00fcbeck Registration number: 10968 Lagerraum-Nord.de is a service from Max Grauert GmbH, Schlo\u00dfstra\u00dfe 7, 21465 Reinbek Value Added Tax (VAT) VAT [&hellip;]<\/p>\n","protected":false},"author":1,"featured_media":0,"parent":0,"menu_order":0,"comment_status":"closed","ping_status":"closed","template":"","meta":{"footnotes":""},"class_list":["post-1949","page","type-page","status-publish","hentry"],"yoast_head":"<!-- This site is optimized with the Yoast SEO plugin v27.4 - https:\/\/yoast.com\/product\/yoast-seo-wordpress\/ -->\n<title>Legal Notice | Online solutions for your storage management<\/title>\n<meta name=\"description\" content=\"Legal Notice - \u2705 Who we are. \u2705 How you can contact us. All legally required information at a glance. \u27a1\ufe0f\" \/>\n<meta name=\"robots\" content=\"index, follow, max-snippet:-1, max-image-preview:large, max-video-preview:-1\" \/>\n<link rel=\"canonical\" href=\"https:\/\/selfstorage.team\/en\/legal-notice\/\" \/>\n<meta property=\"og:locale\" content=\"en_US\" \/>\n<meta property=\"og:type\" content=\"article\" \/>\n<meta property=\"og:title\" content=\"Legal Notice | Online solutions for your storage management\" \/>\n<meta property=\"og:description\" content=\"Legal Notice - \u2705 Who we are. \u2705 How you can contact us. All legally required information at a glance. \u27a1\ufe0f\" \/>\n<meta property=\"og:url\" content=\"https:\/\/selfstorage.team\/en\/legal-notice\/\" \/>\n<meta property=\"og:site_name\" content=\"Selfstorage Team - Verwaltungssoftware f\u00fcr Lagereinrichtungen\" \/>\n<meta property=\"article:modified_time\" content=\"2025-03-21T13:44:51+00:00\" \/>\n<meta name=\"twitter:card\" content=\"summary_large_image\" \/>\n<meta name=\"twitter:label1\" content=\"Est. reading time\" \/>\n\t<meta name=\"twitter:data1\" content=\"2 minutes\" \/>\n<script type=\"application\/ld+json\" class=\"yoast-schema-graph\">{\"@context\":\"https:\\\/\\\/schema.org\",\"@graph\":[{\"@type\":\"WebPage\",\"@id\":\"https:\\\/\\\/selfstorage.team\\\/en\\\/legal-notice\\\/\",\"url\":\"https:\\\/\\\/selfstorage.team\\\/en\\\/legal-notice\\\/\",\"name\":\"Legal Notice | Online solutions for your storage management\",\"isPartOf\":{\"@id\":\"https:\\\/\\\/selfstorage.team\\\/en\\\/#website\"},\"datePublished\":\"2024-10-16T09:07:17+00:00\",\"dateModified\":\"2025-03-21T13:44:51+00:00\",\"description\":\"Legal Notice - \u2705 Who we are. \u2705 How you can contact us. All legally required information at a glance. \u27a1\ufe0f\",\"breadcrumb\":{\"@id\":\"https:\\\/\\\/selfstorage.team\\\/en\\\/legal-notice\\\/#breadcrumb\"},\"inLanguage\":\"en-US\",\"potentialAction\":[{\"@type\":\"ReadAction\",\"target\":[\"https:\\\/\\\/selfstorage.team\\\/en\\\/legal-notice\\\/\"]}]},{\"@type\":\"BreadcrumbList\",\"@id\":\"https:\\\/\\\/selfstorage.team\\\/en\\\/legal-notice\\\/#breadcrumb\",\"itemListElement\":[{\"@type\":\"ListItem\",\"position\":1,\"name\":\"Startseite\",\"item\":\"https:\\\/\\\/selfstorage.team\\\/en\\\/\"},{\"@type\":\"ListItem\",\"position\":2,\"name\":\"Legal Notice\"}]},{\"@type\":\"WebSite\",\"@id\":\"https:\\\/\\\/selfstorage.team\\\/en\\\/#website\",\"url\":\"https:\\\/\\\/selfstorage.team\\\/en\\\/\",\"name\":\"Selfstorage Team - Verwaltungssoftware f\u00fcr Lagereinrichtungen\",\"description\":\"\",\"publisher\":{\"@id\":\"https:\\\/\\\/selfstorage.team\\\/en\\\/#organization\"},\"potentialAction\":[{\"@type\":\"SearchAction\",\"target\":{\"@type\":\"EntryPoint\",\"urlTemplate\":\"https:\\\/\\\/selfstorage.team\\\/en\\\/?s={search_term_string}\"},\"query-input\":{\"@type\":\"PropertyValueSpecification\",\"valueRequired\":true,\"valueName\":\"search_term_string\"}}],\"inLanguage\":\"en-US\"},{\"@type\":\"Organization\",\"@id\":\"https:\\\/\\\/selfstorage.team\\\/en\\\/#organization\",\"name\":\"Selfstorage Team - Verwaltungssoftware f\u00fcr Lagereinrichtungen\",\"url\":\"https:\\\/\\\/selfstorage.team\\\/en\\\/\",\"logo\":{\"@type\":\"ImageObject\",\"inLanguage\":\"en-US\",\"@id\":\"https:\\\/\\\/selfstorage.team\\\/en\\\/#\\\/schema\\\/logo\\\/image\\\/\",\"url\":\"https:\\\/\\\/selfstorage.team\\\/wp-content\\\/uploads\\\/2024\\\/10\\\/logo.svg\",\"contentUrl\":\"https:\\\/\\\/selfstorage.team\\\/wp-content\\\/uploads\\\/2024\\\/10\\\/logo.svg\",\"width\":210,\"height\":66,\"caption\":\"Selfstorage Team - Verwaltungssoftware f\u00fcr Lagereinrichtungen\"},\"image\":{\"@id\":\"https:\\\/\\\/selfstorage.team\\\/en\\\/#\\\/schema\\\/logo\\\/image\\\/\"}}]}<\/script>\n<!-- \/ Yoast SEO plugin. -->","yoast_head_json":{"title":"Legal Notice | Online solutions for your storage management","description":"Legal Notice - \u2705 Who we are. \u2705 How you can contact us. All legally required information at a glance. \u27a1\ufe0f","robots":{"index":"index","follow":"follow","max-snippet":"max-snippet:-1","max-image-preview":"max-image-preview:large","max-video-preview":"max-video-preview:-1"},"canonical":"https:\/\/selfstorage.team\/en\/legal-notice\/","og_locale":"en_US","og_type":"article","og_title":"Legal Notice | Online solutions for your storage management","og_description":"Legal Notice - \u2705 Who we are. \u2705 How you can contact us. All legally required information at a glance. \u27a1\ufe0f","og_url":"https:\/\/selfstorage.team\/en\/legal-notice\/","og_site_name":"Selfstorage Team - Verwaltungssoftware f\u00fcr Lagereinrichtungen","article_modified_time":"2025-03-21T13:44:51+00:00","twitter_card":"summary_large_image","twitter_misc":{"Est. reading time":"2 minutes"},"schema":{"@context":"https:\/\/schema.org","@graph":[{"@type":"WebPage","@id":"https:\/\/selfstorage.team\/en\/legal-notice\/","url":"https:\/\/selfstorage.team\/en\/legal-notice\/","name":"Legal Notice | Online solutions for your storage management","isPartOf":{"@id":"https:\/\/selfstorage.team\/en\/#website"},"datePublished":"2024-10-16T09:07:17+00:00","dateModified":"2025-03-21T13:44:51+00:00","description":"Legal Notice - \u2705 Who we are. \u2705 How you can contact us. All legally required information at a glance. \u27a1\ufe0f","breadcrumb":{"@id":"https:\/\/selfstorage.team\/en\/legal-notice\/#breadcrumb"},"inLanguage":"en-US","potentialAction":[{"@type":"ReadAction","target":["https:\/\/selfstorage.team\/en\/legal-notice\/"]}]},{"@type":"BreadcrumbList","@id":"https:\/\/selfstorage.team\/en\/legal-notice\/#breadcrumb","itemListElement":[{"@type":"ListItem","position":1,"name":"Startseite","item":"https:\/\/selfstorage.team\/en\/"},{"@type":"ListItem","position":2,"name":"Legal Notice"}]},{"@type":"WebSite","@id":"https:\/\/selfstorage.team\/en\/#website","url":"https:\/\/selfstorage.team\/en\/","name":"Selfstorage Team - Verwaltungssoftware f\u00fcr Lagereinrichtungen","description":"","publisher":{"@id":"https:\/\/selfstorage.team\/en\/#organization"},"potentialAction":[{"@type":"SearchAction","target":{"@type":"EntryPoint","urlTemplate":"https:\/\/selfstorage.team\/en\/?s={search_term_string}"},"query-input":{"@type":"PropertyValueSpecification","valueRequired":true,"valueName":"search_term_string"}}],"inLanguage":"en-US"},{"@type":"Organization","@id":"https:\/\/selfstorage.team\/en\/#organization","name":"Selfstorage Team - Verwaltungssoftware f\u00fcr Lagereinrichtungen","url":"https:\/\/selfstorage.team\/en\/","logo":{"@type":"ImageObject","inLanguage":"en-US","@id":"https:\/\/selfstorage.team\/en\/#\/schema\/logo\/image\/","url":"https:\/\/selfstorage.team\/wp-content\/uploads\/2024\/10\/logo.svg","contentUrl":"https:\/\/selfstorage.team\/wp-content\/uploads\/2024\/10\/logo.svg","width":210,"height":66,"caption":"Selfstorage Team - Verwaltungssoftware f\u00fcr Lagereinrichtungen"},"image":{"@id":"https:\/\/selfstorage.team\/en\/#\/schema\/logo\/image\/"}}]}},"_links":{"self":[{"href":"https:\/\/selfstorage.team\/en\/wp-json\/wp\/v2\/pages\/1949","targetHints":{"allow":["GET"]}}],"collection":[{"href":"https:\/\/selfstorage.team\/en\/wp-json\/wp\/v2\/pages"}],"about":[{"href":"https:\/\/selfstorage.team\/en\/wp-json\/wp\/v2\/types\/page"}],"author":[{"embeddable":true,"href":"https:\/\/selfstorage.team\/en\/wp-json\/wp\/v2\/users\/1"}],"replies":[{"embeddable":true,"href":"https:\/\/selfstorage.team\/en\/wp-json\/wp\/v2\/comments?post=1949"}],"version-history":[{"count":0,"href":"https:\/\/selfstorage.team\/en\/wp-json\/wp\/v2\/pages\/1949\/revisions"}],"wp:attachment":[{"href":"https:\/\/selfstorage.team\/en\/wp-json\/wp\/v2\/media?parent=1949"}],"curies":[{"name":"wp","href":"https:\/\/api.w.org\/{rel}","templated":true}]}}